{"id":95,"date":"2022-11-06T14:33:35","date_gmt":"2022-11-06T14:33:35","guid":{"rendered":"https:\/\/test.fig-performance.com\/divi-login-designer\/"},"modified":"2022-11-06T14:33:35","modified_gmt":"2022-11-06T14:33:35","slug":"divi-anmeldung-designer-2","status":"publish","type":"page","link":"https:\/\/www.prodinf.ro\/de\/divi-login-designer-2\/","title":{"rendered":"Divi Anmeldung Designer"},"content":{"rendered":"<p>Diese Seite wird f\u00fcr die Divi Login Designer Erweiterung verwendet. Sie wird f\u00fcr Ihre Leser nicht sichtbar sein. Bitte l\u00f6schen Sie sie nicht.<\/p>","protected":false},"excerpt":{"rendered":"<p>Diese Seite wird f\u00fcr die Divi Login Designer Erweiterung verwendet. Sie wird f\u00fcr Ihre Leser nicht sichtbar sein. Bitte l\u00f6schen Sie sie nicht.<\/p>","protected":false},"author":3,"featured_media":0,"parent":0,"menu_order":0,"comment_status":"closed","ping_status":"closed","template":"ext-template-login-designer.php","meta":{"_et_pb_use_builder":"","_et_pb_old_content":"","_et_gb_content_width":"","footnotes":""},"class_list":["post-95","page","type-page","status-publish","hentry"],"aioseo_notices":[],"_links":{"self":[{"href":"https:\/\/www.prodinf.ro\/de\/wp-json\/wp\/v2\/pages\/95","targetHints":{"allow":["GET"]}}],"collection":[{"href":"https:\/\/www.prodinf.ro\/de\/wp-json\/wp\/v2\/pages"}],"about":[{"href":"https:\/\/www.prodinf.ro\/de\/wp-json\/wp\/v2\/types\/page"}],"author":[{"embeddable":true,"href":"https:\/\/www.prodinf.ro\/de\/wp-json\/wp\/v2\/users\/3"}],"replies":[{"embeddable":true,"href":"https:\/\/www.prodinf.ro\/de\/wp-json\/wp\/v2\/comments?post=95"}],"version-history":[{"count":0,"href":"https:\/\/www.prodinf.ro\/de\/wp-json\/wp\/v2\/pages\/95\/revisions"}],"wp:attachment":[{"href":"https:\/\/www.prodinf.ro\/de\/wp-json\/wp\/v2\/media?parent=95"}],"curies":[{"name":"wp","href":"https:\/\/api.w.org\/{rel}","templated":true}]}}